{"id":2,"date":"2025-04-29T09:15:03","date_gmt":"2025-04-29T07:15:03","guid":{"rendered":"https:\/\/web.telepeep.de\/?page_id=2"},"modified":"2025-09-25T13:19:00","modified_gmt":"2025-09-25T11:19:00","slug":"beispiel-seite","status":"publish","type":"page","link":"https:\/\/web.telepeep.de\/","title":{"rendered":"Home"},"content":{"rendered":"<p>[et_pb_section fb_built=&#8220;1&#8243; _builder_version=&#8220;4.27.4&#8243; _module_preset=&#8220;default&#8220; min_height=&#8220;535px&#8220; global_colors_info=&#8220;{}&#8220;][et_pb_row _builder_version=&#8220;4.27.4&#8243; _module_preset=&#8220;default&#8220; global_colors_info=&#8220;{}&#8220;][et_pb_column type=&#8220;4_4&#8243; _builder_version=&#8220;4.27.4&#8243; _module_preset=&#8220;default&#8220; global_colors_info=&#8220;{}&#8220;][et_pb_code _builder_version=&#8220;4.27.4&#8243; _module_preset=&#8220;default&#8220; global_colors_info=&#8220;{}&#8220;]<!-- [et_pb_line_break_holder] --><!-- [et_pb_line_break_holder] --><div id=\"af2_form_0\" class=\"af2_form_wrapper af2_form-type-0\"\n\t\t\t\t\t\t\t\tdata-preload=\"2\" data-rtl=\"\" data-size=\"6\" data-num=\"0\"\n                                data-did=\"25\" data-errormail=\"\" data-activatescrolltoanchor=\"\" data-activatescrolltoanchordesktop=\"\" data-showsuccessscreen=\"1\"\n                                data-popup_by_delay=\"\" data-popup_delay=\"0\" data-popup_by_click=\"\"\n                                data-popup_click_class=\"\"><div class=\"af2_form\" style=\"display: block;\"><div class=\"af2_success_message_screen desktop\" style=\"display: none;\"><div class=\"af2_success_image\"><img decoding=\"async\" src=\"https:\/\/web.telepeep.de\/wp-content\/plugins\/Funnelforms-pro\/res\/images\/success_standard.png\" alt=\"Formular erfolgreich gesendet\"\/><\/div><div class=\"af2_success_text\">Danke! Das Formular wurde erfolgreich gesendet!<\/div><\/div><div class=\"af2_success_message_screen af2_mobile\" style=\"display: none;\"><div class=\"af2_success_image\"><img decoding=\"async\" src=\"https:\/\/web.telepeep.de\/wp-content\/plugins\/Funnelforms-pro\/res\/images\/success_standard.png\" alt=\"Formular erfolgreich gesendet\"\/><\/div><div class=\"af2_success_text\">Danke! Das Formular wurde erfolgreich gesendet!<\/div><\/div><div class=\"af2_form_heading_wrapper\"><div class=\"af2_form_heading desktop\"><\/div><div class=\"af2_form_heading af2_mobile\"><\/div><\/div><div class=\"af2_form_carousel\"><\/div><div class=\"af2_form_bottombar\"><button class=\"af2_form_back_button af2_form_button af2_disabled af2_mobile \"><svg aria-hidden=\"true\" focusable=\"false\" data-prefix=\"fas\" data-icon=\"long-arrow-alt-left\" class=\"svg-inline--fa fa-long-arrow-alt-left fa-w-14\" role=\"img\" xmlns=\"http:\/\/www.w3.org\/2000\/svg\" viewBox=\"0 0 448 512\"><path fill=\"currentColor\" d=\"M134.059 296H436c6.627 0 12-5.373 12-12v-56c0-6.627-5.373-12-12-12H134.059v-46.059c0-21.382-25.851-32.09-40.971-16.971L7.029 239.029c-9.373 9.373-9.373 24.569 0 33.941l86.059 86.059c15.119 15.119 40.971 4.411 40.971-16.971V296z\"><\/path><\/svg><\/button><button class=\"af2_form_back_button af2_form_button af2_disabled desktop \"><svg aria-hidden=\"true\" focusable=\"false\" data-prefix=\"fas\" data-icon=\"long-arrow-alt-left\" class=\"svg-inline--fa fa-long-arrow-alt-left fa-w-14\" role=\"img\" xmlns=\"http:\/\/www.w3.org\/2000\/svg\" viewBox=\"0 0 448 512\"><path fill=\"currentColor\" d=\"M134.059 296H436c6.627 0 12-5.373 12-12v-56c0-6.627-5.373-12-12-12H134.059v-46.059c0-21.382-25.851-32.09-40.971-16.971L7.029 239.029c-9.373 9.373-9.373 24.569 0 33.941l86.059 86.059c15.119 15.119 40.971 4.411 40.971-16.971V296z\"><\/path><\/svg><\/button><div class=\"af2_form_progress_bar\"><div class=\"af2_form_progress\"><\/div><\/div><button class=\"af2_form_foward_button af2_form_button af2_disabled af2_mobile \"><svg aria-hidden=\"true\" focusable=\"false\" data-prefix=\"fas\" data-icon=\"long-arrow-alt-right\" class=\"svg-inline--fa fa-long-arrow-alt-right fa-w-14\" role=\"img\" xmlns=\"http:\/\/www.w3.org\/2000\/svg\" viewBox=\"0 0 448 512\"><path fill=\"currentColor\" d=\"M313.941 216H12c-6.627 0-12 5.373-12 12v56c0 6.627 5.373 12 12 12h301.941v46.059c0 21.382 25.851 32.09 40.971 16.971l86.059-86.059c9.373-9.373 9.373-24.569 0-33.941l-86.059-86.059c-15.119-15.119-40.971-4.411-40.971 16.971V216z\"><\/path><\/svg><\/button><button class=\"af2_form_foward_button af2_form_button af2_disabled desktop \"><svg aria-hidden=\"true\" focusable=\"false\" data-prefix=\"fas\" data-icon=\"long-arrow-alt-right\" class=\"svg-inline--fa fa-long-arrow-alt-right fa-w-14\" role=\"img\" xmlns=\"http:\/\/www.w3.org\/2000\/svg\" viewBox=\"0 0 448 512\"><path fill=\"currentColor\" d=\"M313.941 216H12c-6.627 0-12 5.373-12 12v56c0 6.627 5.373 12 12 12h301.941v46.059c0 21.382 25.851 32.09 40.971 16.971l86.059-86.059c9.373-9.373 9.373-24.569 0-33.941l-86.059-86.059c-15.119-15.119-40.971-4.411-40.971 16.971V216z\"><\/path><\/svg><\/button><\/div><\/div><\/div><!-- [et_pb_line_break_holder] -->[\/et_pb_code][\/et_pb_column][\/et_pb_row][\/et_pb_section][et_pb_section fb_built=&#8220;1&#8243; fullwidth=&#8220;on&#8220; theme_builder_area=&#8220;post_content&#8220; _builder_version=&#8220;4.27.4&#8243; _module_preset=&#8220;default&#8220; hover_enabled=&#8220;0&#8243; sticky_enabled=&#8220;0&#8243;][et_pb_fullwidth_code _builder_version=&#8220;4.27.4&#8243; _module_preset=&#8220;default&#8220; theme_builder_area=&#8220;post_content&#8220; hover_enabled=&#8220;0&#8243; sticky_enabled=&#8220;0&#8243;]<!-- ===== telepeep.de | Footer ===== --><!-- [et_pb_line_break_holder] --><\/p>\n<style><!-- [et_pb_line_break_holder] -->  .tp-footer{<!-- [et_pb_line_break_holder] -->    width:100%;<!-- [et_pb_line_break_holder] -->    background:#ffffff;<!-- [et_pb_line_break_holder] -->    color:#000000;<!-- [et_pb_line_break_holder] -->    font-family:inherit;<!-- [et_pb_line_break_holder] -->    border:2px solid #000000; \/* Schwarzer Rand *\/<!-- [et_pb_line_break_holder] -->  }<!-- [et_pb_line_break_holder] -->  .tp-footer a{color:inherit;text-decoration:none}<!-- [et_pb_line_break_holder] -->  .tp-footer a:hover{text-decoration:underline}<!-- [et_pb_line_break_holder] -->  .tp-footer__inner{<!-- [et_pb_line_break_holder] -->    max-width:1200px;<!-- [et_pb_line_break_holder] -->    margin:0 auto;<!-- [et_pb_line_break_holder] -->    padding:28px 20px;<!-- [et_pb_line_break_holder] -->    display:grid;<!-- [et_pb_line_break_holder] -->    gap:20px;<!-- [et_pb_line_break_holder] -->    grid-template-columns:1.2fr 1fr 1fr;<!-- [et_pb_line_break_holder] -->    align-items:start<!-- [et_pb_line_break_holder] -->  }<!-- [et_pb_line_break_holder] -->  .tp-footer__brand img{max-width:220px;height:auto;display:block}<!-- [et_pb_line_break_holder] -->  .tp-footer__title{font-weight:600;margin:0 0 10px 0;color:#000}<!-- [et_pb_line_break_holder] -->  .tp-footer address{font-style:normal;line-height:1.6}<!-- [et_pb_line_break_holder] -->  .tp-list{list-style:none;margin:0;padding:0}<!-- [et_pb_line_break_holder] -->  .tp-item{display:flex;gap:10px;align-items:flex-start;margin:8px 0}<!-- [et_pb_line_break_holder] -->  .tp-ico{width:18px;height:18px;flex:0 0 18px}<!-- [et_pb_line_break_holder] -->  .tp-bottom{border-top:1px solid rgba(0,0,0,.2);margin-top:6px}<!-- [et_pb_line_break_holder] -->  .tp-bottom__inner{<!-- [et_pb_line_break_holder] -->    max-width:1200px;<!-- [et_pb_line_break_holder] -->    margin:0 auto;<!-- [et_pb_line_break_holder] -->    padding:12px 20px;<!-- [et_pb_line_break_holder] -->    font-size:14px;<!-- [et_pb_line_break_holder] -->    display:flex;<!-- [et_pb_line_break_holder] -->    justify-content:space-between;<!-- [et_pb_line_break_holder] -->    gap:12px;<!-- [et_pb_line_break_holder] -->    flex-wrap:wrap<!-- [et_pb_line_break_holder] -->  }<!-- [et_pb_line_break_holder] -->  \/* Responsive *\/<!-- [et_pb_line_break_holder] -->  @media (max-width:980px){.tp-footer__inner{grid-template-columns:1fr 1fr}}<!-- [et_pb_line_break_holder] -->  @media (max-width:640px){.tp-footer__inner{grid-template-columns:1fr}.tp-footer__brand{order:-1}}<!-- [et_pb_line_break_holder] --><\/style>\n<p><!-- [et_pb_line_break_holder] --><!-- [et_pb_line_break_holder] --><\/p>\n<footer class=\"tp-footer\" role=\"contentinfo\" aria-label=\"Website Footer\"><!-- [et_pb_line_break_holder] -->  <\/p>\n<div class=\"tp-footer__inner\"><!-- [et_pb_line_break_holder] -->    <!-- Logo --><!-- [et_pb_line_break_holder] -->    <\/p>\n<div class=\"tp-footer__brand\"><!-- [et_pb_line_break_holder] -->      <a href=\"https:\/\/www.telepeep.de\"><!-- [et_pb_line_break_holder] -->        <img decoding=\"async\" src=\"wp-content\/uploads\/2025\/04\/logo-telepeep-leer.png\"<!-- [et_pb_line_break_holder] -->             alt=&#8220;telepeep.de Telemedia GmbH \u2013 Logo&#8220; loading=&#8220;lazy&#8220;><!-- [et_pb_line_break_holder] -->      <\/a><!-- [et_pb_line_break_holder] -->      <pee style=\"margin:12px 0 0 0;opacity:.9\">telepeep.de Telemedia GmbH<\/pee><!-- [et_pb_line_break_holder] -->    <\/div>\n<p><!-- [et_pb_line_break_holder] --><!-- [et_pb_line_break_holder] -->    <!-- Kontakt --><!-- [et_pb_line_break_holder] -->    <\/p>\n<div><!-- [et_pb_line_break_holder] -->      <\/p>\n<h3 class=\"tp-footer__title\">Kontakt<\/h3>\n<p><!-- [et_pb_line_break_holder] -->      <\/p>\n<ul class=\"tp-list\" aria-label=\"Kontaktinformationen\"><!-- [et_pb_line_break_holder] -->        <\/p>\n<li class=\"tp-item\"><!-- [et_pb_line_break_holder] -->          <svg class=\"tp-ico\" viewBox=\"0 0 24 24\" fill=\"currentColor\"><path d=\"M12 2a7 7 0 0 0-7 7c0 5.25 7 13 7 13s7-7.75 7-13a7 7 0 0 0-7-7zm0 9.5A2.5 2.5 0 1 1 12 6a2.5 2.5 0 0 1 0 5.5z\"\/><\/svg><!-- [et_pb_line_break_holder] --><br \/>\n<address>Hofmark-Aich-Str. 33<!\u2013- [et_pb_br_holder] -\u2013>84030 Landshut<\/address>\n<p><!-- [et_pb_line_break_holder] -->        <\/li>\n<p><!-- [et_pb_line_break_holder] -->        <\/p>\n<li class=\"tp-item\"><!-- [et_pb_line_break_holder] -->          <svg class=\"tp-ico\" viewBox=\"0 0 24 24\" fill=\"currentColor\"><path d=\"M6.6 10.8c1.5 2.9 3.7 5.1 6.6 6.6l2.2-2.2c.3-.3.8-.4 1.1-.2 1.2.4 2.4.7 3.7.7.6 0 1 .4 1 1V20c0 .6-.4 1-1 1C10.7 21 3 13.3 3 3c0-.6.4-1 1-1h3.3c.6 0 1 .4 1 1 0 1.3.2 2.5.7 3.7.1.4 0 .9-.3 1.1l-2.1 2z\"\/><\/svg><!-- [et_pb_line_break_holder] -->          <a href=\"tel:+498712761246\">0871 2761246<\/a><!-- [et_pb_line_break_holder] -->        <\/li>\n<p><!-- [et_pb_line_break_holder] -->        <\/p>\n<li class=\"tp-item\"><!-- [et_pb_line_break_holder] -->          <svg class=\"tp-ico\" viewBox=\"0 0 24 24\" fill=\"currentColor\"><path d=\"M20 4H4a2 2 0 0 0-2 2v12a2 2 0 0 0 2 2h16a2 2 0 0 0 2-2V6a2 2 0 0 0-2-2zm0 4-8 5L4 8V6l8 5 8-5v2z\"\/><\/svg><!-- [et_pb_line_break_holder] -->          <a href=\"mailto:business@telepeep.de\">business@telepeep.de<\/a><!-- [et_pb_line_break_holder] -->        <\/li>\n<p><!-- [et_pb_line_break_holder] -->      <\/ul>\n<p><!-- [et_pb_line_break_holder] -->    <\/div>\n<p><!-- [et_pb_line_break_holder] --><!-- [et_pb_line_break_holder] -->    <!-- Rechtliches --><!-- [et_pb_line_break_holder] -->    <\/p>\n<nav aria-label=\"Rechtliches\"><!-- [et_pb_line_break_holder] -->      <\/p>\n<h3 class=\"tp-footer__title\">Rechtliches<\/h3>\n<p><!-- [et_pb_line_break_holder] -->      <\/p>\n<ul class=\"tp-list\"><!-- [et_pb_line_break_holder] -->        <\/p>\n<li class=\"tp-item\"><!-- [et_pb_line_break_holder] -->          <svg class=\"tp-ico\" viewBox=\"0 0 24 24\" fill=\"currentColor\"><path d=\"M4 6a2 2 0 0 1 2-2h8l6 6v8a2 2 0 0 1-2 2H6a2 2 0 0 1-2-2zM14 4v6h6\"\/><\/svg><!-- [et_pb_line_break_holder] -->          <a href=\"https:\/\/telepeep.de\/datenschutzerklaerung\">Datenschutz<\/a><!-- [et_pb_line_break_holder] -->        <\/li>\n<p><!-- [et_pb_line_break_holder] -->        <\/p>\n<li class=\"tp-item\"><!-- [et_pb_line_break_holder] -->          <svg class=\"tp-ico\" viewBox=\"0 0 24 24\" fill=\"currentColor\"><path d=\"M6 2h9l5 5v13a2 2 0 0 1-2 2H6a2 2 0 0 1-2-2V4a2 2 0 0 1 2-2zm8 1v5h5\"\/><\/svg><!-- [et_pb_line_break_holder] -->          <a href=\"https:\/\/www.https:\/\/telepeep.de\/impressum\">Impressum<\/a><!-- [et_pb_line_break_holder] -->        <\/li>\n<p><!-- [et_pb_line_break_holder] -->      <\/ul>\n<p><!-- [et_pb_line_break_holder] -->    <\/nav>\n<p><!-- [et_pb_line_break_holder] -->  <\/div>\n<p><!-- [et_pb_line_break_holder] --><!-- [et_pb_line_break_holder] -->  <\/p>\n<div class=\"tp-bottom\"><!-- [et_pb_line_break_holder] -->    <\/p>\n<div class=\"tp-bottom__inner\"><!-- [et_pb_line_break_holder] -->      <span>\u00a9 <span id=\"tp-year\">2025<\/span> telepeep.de Telemedia GmbH<\/span><!-- [et_pb_line_break_holder] -->      <span>Alle Rechte vorbehalten.<\/span><!-- [et_pb_line_break_holder] -->    <\/div>\n<p><!-- [et_pb_line_break_holder] -->  <\/div>\n<p><!-- [et_pb_line_break_holder] --><\/footer>\n<p><!-- [et_pb_line_break_holder] --><!-- [et_pb_line_break_holder] --><script><!-- [et_pb_line_break_holder] -->  document.getElementById('tp-year').textContent = new Date().getFullYear();<!-- [et_pb_line_break_holder] --><\/script><!-- [et_pb_line_break_holder] --><!-- ===== \/Footer ===== -->[\/et_pb_fullwidth_code][\/et_pb_section]<\/p>\n","protected":false},"excerpt":{"rendered":"<div id=\"af2_form_1\" class=\"af2_form_wrapper af2_form-type-0\"\n\t\t\t\t\t\t\t\tdata-preload=\"2\" data-rtl=\"\" data-size=\"6\" data-num=\"1\"\n                                data-did=\"25\" data-errormail=\"\" data-activatescrolltoanchor=\"\" data-activatescrolltoanchordesktop=\"\" data-showsuccessscreen=\"1\"\n                                data-popup_by_delay=\"\" data-popup_delay=\"0\" data-popup_by_click=\"\"\n                                data-popup_click_class=\"\"><div class=\"af2_form\" style=\"display: block;\"><div class=\"af2_success_message_screen desktop\" style=\"display: none;\"><div class=\"af2_success_image\"><img decoding=\"async\" src=\"https:\/\/web.telepeep.de\/wp-content\/plugins\/Funnelforms-pro\/res\/images\/success_standard.png\" alt=\"Formular erfolgreich gesendet\"\/><\/div><div class=\"af2_success_text\">Danke! Das Formular wurde erfolgreich gesendet!<\/div><\/div><div class=\"af2_success_message_screen af2_mobile\" style=\"display: none;\"><div class=\"af2_success_image\"><img decoding=\"async\" src=\"https:\/\/web.telepeep.de\/wp-content\/plugins\/Funnelforms-pro\/res\/images\/success_standard.png\" alt=\"Formular erfolgreich gesendet\"\/><\/div><div class=\"af2_success_text\">Danke! Das Formular wurde erfolgreich gesendet!<\/div><\/div><div class=\"af2_form_heading_wrapper\"><div class=\"af2_form_heading desktop\"><\/div><div class=\"af2_form_heading af2_mobile\"><\/div><\/div><div class=\"af2_form_carousel\"><\/div><div class=\"af2_form_bottombar\"><button class=\"af2_form_back_button af2_form_button af2_disabled af2_mobile \"><svg aria-hidden=\"true\" focusable=\"false\" data-prefix=\"fas\" data-icon=\"long-arrow-alt-left\" class=\"svg-inline--fa fa-long-arrow-alt-left fa-w-14\" role=\"img\" xmlns=\"http:\/\/www.w3.org\/2000\/svg\" viewBox=\"0 0 448 512\"><path fill=\"currentColor\" d=\"M134.059 296H436c6.627 0 12-5.373 12-12v-56c0-6.627-5.373-12-12-12H134.059v-46.059c0-21.382-25.851-32.09-40.971-16.971L7.029 239.029c-9.373 9.373-9.373 24.569 0 33.941l86.059 86.059c15.119 15.119 40.971 4.411 40.971-16.971V296z\"><\/path><\/svg><\/button><button class=\"af2_form_back_button af2_form_button af2_disabled desktop \"><svg aria-hidden=\"true\" focusable=\"false\" data-prefix=\"fas\" data-icon=\"long-arrow-alt-left\" class=\"svg-inline--fa fa-long-arrow-alt-left fa-w-14\" role=\"img\" xmlns=\"http:\/\/www.w3.org\/2000\/svg\" viewBox=\"0 0 448 512\"><path fill=\"currentColor\" d=\"M134.059 296H436c6.627 0 12-5.373 12-12v-56c0-6.627-5.373-12-12-12H134.059v-46.059c0-21.382-25.851-32.09-40.971-16.971L7.029 239.029c-9.373 9.373-9.373 24.569 0 33.941l86.059 86.059c15.119 15.119 40.971 4.411 40.971-16.971V296z\"><\/path><\/svg><\/button><div class=\"af2_form_progress_bar\"><div class=\"af2_form_progress\"><\/div><\/div><button class=\"af2_form_foward_button af2_form_button af2_disabled af2_mobile \"><svg aria-hidden=\"true\" focusable=\"false\" data-prefix=\"fas\" data-icon=\"long-arrow-alt-right\" class=\"svg-inline--fa fa-long-arrow-alt-right fa-w-14\" role=\"img\" xmlns=\"http:\/\/www.w3.org\/2000\/svg\" viewBox=\"0 0 448 512\"><path fill=\"currentColor\" d=\"M313.941 216H12c-6.627 0-12 5.373-12 12v56c0 6.627 5.373 12 12 12h301.941v46.059c0 21.382 25.851 32.09 40.971 16.971l86.059-86.059c9.373-9.373 9.373-24.569 0-33.941l-86.059-86.059c-15.119-15.119-40.971-4.411-40.971 16.971V216z\"><\/path><\/svg><\/button><button class=\"af2_form_foward_button af2_form_button af2_disabled desktop \"><svg aria-hidden=\"true\" focusable=\"false\" data-prefix=\"fas\" data-icon=\"long-arrow-alt-right\" class=\"svg-inline--fa fa-long-arrow-alt-right fa-w-14\" role=\"img\" xmlns=\"http:\/\/www.w3.org\/2000\/svg\" viewBox=\"0 0 448 512\"><path fill=\"currentColor\" d=\"M313.941 216H12c-6.627 0-12 5.373-12 12v56c0 6.627 5.373 12 12 12h301.941v46.059c0 21.382 25.851 32.09 40.971 16.971l86.059-86.059c9.373-9.373 9.373-24.569 0-33.941l-86.059-86.059c-15.119-15.119-40.971-4.411-40.971 16.971V216z\"><\/path><\/svg><\/button><\/div><\/div><\/div>\n","protected":false},"author":1,"featured_media":0,"parent":0,"menu_order":0,"comment_status":"closed","ping_status":"open","template":"","meta":{"_et_pb_use_builder":"on","_et_pb_old_content":"<!-- wp:paragraph -->\n<p>Dies ist eine Beispiel-Seite. Sie unterscheidet sich von Beitr\u00e4gen, da sie stets an derselben Stelle bleibt und (bei den meisten Themes) in der Website-Navigation angezeigt wird. Die meisten starten mit einem Impressum, der Datenschutzerkl\u00e4rung oder einer \u201e\u00dcber\u00a0uns\u201c-Seite, um sich potenziellen Besuchern der Website vorzustellen. Dort k\u00f6nnte zum Beispiel stehen:<\/p>\n<!-- \/wp:paragraph -->\n\n<!-- wp:quote -->\n<blockquote class=\"wp-block-quote\"><p>Hallo! Tags\u00fcber arbeite ich als Fahrradkurier, nachts bin ich ein aufstrebender Schauspieler und dies hier ist meine Website. Ich lebe in Berlin, habe einen gro\u00dfen Hund namens Jack, mag Pi&#241;a Coladas, jedoch weniger (ohne Schirm) im Regen stehen gelassen zu werden.<\/p><\/blockquote>\n<!-- \/wp:quote -->\n\n<!-- wp:paragraph -->\n<p>\u2026\u00a0oder so etwas wie:<\/p>\n<!-- \/wp:paragraph -->\n\n<!-- wp:quote -->\n<blockquote class=\"wp-block-quote\"><p>Das Unternehmen XYZ wurde 1971 gegr\u00fcndet und versorgt die \u00d6ffentlichkeit seither mit qualitativ hochwertigen Produkten. An seinem Standort in einer kleinen Gro\u00dfstadt besch\u00e4ftigt der Betrieb \u00fcber 2.000 Menschen und unterst\u00fctzt die Stadtbewohner in vielfacher Hinsicht.<\/p><\/blockquote>\n<!-- \/wp:quote -->\n\n<!-- wp:paragraph -->\n<p>Als neuer WordPress-Benutzer solltest du <a href=\"https:\/\/web.telepeep.de\/wp-admin\/\">dein Dashboard<\/a> aufrufen, um diese Seite zu l\u00f6schen und neue Seiten und Beitr\u00e4ge f\u00fcr deine Website erstellen. Viel Spa\u00df!<\/p>\n<!-- \/wp:paragraph -->","_et_gb_content_width":"","footnotes":""},"class_list":["post-2","page","type-page","status-publish","hentry"],"_links":{"self":[{"href":"https:\/\/web.telepeep.de\/index.php?rest_route=\/wp\/v2\/pages\/2","targetHints":{"allow":["GET"]}}],"collection":[{"href":"https:\/\/web.telepeep.de\/index.php?rest_route=\/wp\/v2\/pages"}],"about":[{"href":"https:\/\/web.telepeep.de\/index.php?rest_route=\/wp\/v2\/types\/page"}],"author":[{"embeddable":true,"href":"https:\/\/web.telepeep.de\/index.php?rest_route=\/wp\/v2\/users\/1"}],"replies":[{"embeddable":true,"href":"https:\/\/web.telepeep.de\/index.php?rest_route=%2Fwp%2Fv2%2Fcomments&post=2"}],"version-history":[{"count":19,"href":"https:\/\/web.telepeep.de\/index.php?rest_route=\/wp\/v2\/pages\/2\/revisions"}],"predecessor-version":[{"id":187,"href":"https:\/\/web.telepeep.de\/index.php?rest_route=\/wp\/v2\/pages\/2\/revisions\/187"}],"wp:attachment":[{"href":"https:\/\/web.telepeep.de\/index.php?rest_route=%2Fwp%2Fv2%2Fmedia&parent=2"}],"curies":[{"name":"wp","href":"https:\/\/api.w.org\/{rel}","templated":true}]}}